{"id":143,"date":"2015-07-13T12:40:30","date_gmt":"2015-07-13T10:40:30","guid":{"rendered":"http:\/\/temp\/?page_id=143"},"modified":"2026-03-12T09:42:59","modified_gmt":"2026-03-12T08:42:59","slug":"vjencanja","status":"publish","type":"page","link":"https:\/\/studiomavricek.com\/hr\/vjencanja\/","title":{"rendered":"Vjen\u010danja"},"content":{"rendered":"<section class=\"wpb-content-wrapper\"><p>[vc_row][vc_column][vc_column_text]<\/p>\r\n<h2 class=\"wp-block-heading\" id=\"tw-target-text\">Vjen\u010danje mora biti puno smijeha i iskrenih emocija, mi smo tu da ih zabilje\u017eimo, da ostanu s vama cijeli \u017eivot.<\/h2>\r\n<p>[\/vc_column_text][vc_row_inner][vc_column_inner width=&#8221;1\/2&#8243;][vc_btn title=&#8221;PREUZMI CJENIK&#8221; color=&#8221;warning&#8221; align=&#8221;left&#8221; link=&#8221;url:https%3A%2F%2Fstudiomavricek.com%2Fhr%2Fwp-content%2Fuploads%2F2026%2F03%2Fcjenik-vjencanja-2026.pdf|title:PREUZMI%20CJENIK|target:_blank&#8221;][\/vc_column_inner][\/vc_row_inner][\/vc_column][\/vc_row]<\/p><\/section>","protected":false},"excerpt":{"rendered":"<p>[vc_row][vc_column][vc_column_text] Vjen\u010danje mora biti puno smijeha i iskrenih emocija, mi smo tu da ih zabilje\u017eimo, da ostanu s vama cijeli \u017eivot. [\/vc_column_text][vc_row_inner][vc_column_inner width=&#8221;1\/2&#8243;][vc_btn title=&#8221;PREUZMI CJENIK&#8221; color=&#8221;warning&#8221; align=&#8221;left&#8221; link=&#8221;url:https%3A%2F%2Fstudiomavricek.com%2Fhr%2Fwp-content%2Fuploads%2F2026%2F03%2Fcjenik-vjencanja-2026.pdf|title:PREUZMI%20CJENIK|target:_blank&#8221;][\/vc_column_inner][\/vc_row_inner][\/vc_column][\/vc_row]<\/p>\n","protected":false},"author":2,"featured_media":0,"parent":0,"menu_order":1,"comment_status":"closed","ping_status":"closed","template":"template-gallery.php","meta":{"footnotes":""},"class_list":["post-143","page","type-page","status-publish","hentry"],"yoast_head":"<!-- This site is optimized with the Yoast SEO plugin v23.5 - https:\/\/yoast.com\/wordpress\/plugins\/seo\/ -->\n<title>Vjen\u010danja - Studio - Foto i Video Mavri\u010dek<\/title>\n<meta name=\"robots\" content=\"index, follow, max-snippet:-1, max-image-preview:large, max-video-preview:-1\" \/>\n<link rel=\"canonical\" href=\"https:\/\/studiomavricek.com\/hr\/vjencanja\/\" \/>\n<meta property=\"og:locale\" content=\"hr_HR\" \/>\n<meta property=\"og:type\" content=\"article\" \/>\n<meta property=\"og:title\" content=\"Vjen\u010danja - Studio - Foto i Video Mavri\u010dek\" \/>\n<meta property=\"og:description\" content=\"[vc_row][vc_column][vc_column_text] Vjen\u010danje mora biti puno smijeha i iskrenih emocija, mi smo tu da ih zabilje\u017eimo, da ostanu s vama cijeli \u017eivot. [\/vc_column_text][vc_row_inner][vc_column_inner width=&#8221;1\/2&#8243;][vc_btn title=&#8221;PREUZMI CJENIK&#8221; color=&#8221;warning&#8221; align=&#8221;left&#8221; link=&#8221;url:https%3A%2F%2Fstudiomavricek.com%2Fhr%2Fwp-content%2Fuploads%2F2026%2F03%2Fcjenik-vjencanja-2026.pdf|title:PREUZMI%20CJENIK|target:_blank&#8221;][\/vc_column_inner][\/vc_row_inner][\/vc_column][\/vc_row]\" \/>\n<meta property=\"og:url\" content=\"https:\/\/studiomavricek.com\/hr\/vjencanja\/\" \/>\n<meta property=\"og:site_name\" content=\"Studio - Foto i Video Mavri\u010dek\" \/>\n<meta property=\"article:modified_time\" content=\"2026-03-12T08:42:59+00:00\" \/>\n<meta name=\"twitter:card\" content=\"summary_large_image\" \/>\n<meta name=\"twitter:label1\" content=\"Procijenjeno vrijeme \u010ditanja\" \/>\n\t<meta name=\"twitter:data1\" content=\"1 minuta\" \/>\n<script type=\"application\/ld+json\" class=\"yoast-schema-graph\">{\"@context\":\"https:\/\/schema.org\",\"@graph\":[{\"@type\":\"WebPage\",\"@id\":\"https:\/\/studiomavricek.com\/hr\/vjencanja\/\",\"url\":\"https:\/\/studiomavricek.com\/hr\/vjencanja\/\",\"name\":\"Vjen\u010danja - Studio - Foto i Video Mavri\u010dek\",\"isPartOf\":{\"@id\":\"https:\/\/studiomavricek.com\/hr\/#website\"},\"datePublished\":\"2015-07-13T10:40:30+00:00\",\"dateModified\":\"2026-03-12T08:42:59+00:00\",\"breadcrumb\":{\"@id\":\"https:\/\/studiomavricek.com\/hr\/vjencanja\/#breadcrumb\"},\"inLanguage\":\"hr\",\"potentialAction\":[{\"@type\":\"ReadAction\",\"target\":[\"https:\/\/studiomavricek.com\/hr\/vjencanja\/\"]}]},{\"@type\":\"BreadcrumbList\",\"@id\":\"https:\/\/studiomavricek.com\/hr\/vjencanja\/#breadcrumb\",\"itemListElement\":[{\"@type\":\"ListItem\",\"position\":1,\"name\":\"Po\u010detna stranica\",\"item\":\"https:\/\/studiomavricek.com\/hr\/\"},{\"@type\":\"ListItem\",\"position\":2,\"name\":\"Vjen\u010danja\"}]},{\"@type\":\"WebSite\",\"@id\":\"https:\/\/studiomavricek.com\/hr\/#website\",\"url\":\"https:\/\/studiomavricek.com\/hr\/\",\"name\":\"Studio - Foto i Video Mavri\u010dek\",\"description\":\"Preko 10 godina iskustva u fotografiranju i snimanju vjen\u010danja u Hrvatskoj i Americi\",\"potentialAction\":[{\"@type\":\"SearchAction\",\"target\":{\"@type\":\"EntryPoint\",\"urlTemplate\":\"https:\/\/studiomavricek.com\/hr\/?s={search_term_string}\"},\"query-input\":{\"@type\":\"PropertyValueSpecification\",\"valueRequired\":true,\"valueName\":\"search_term_string\"}}],\"inLanguage\":\"hr\"}]}<\/script>\n<!-- \/ Yoast SEO plugin. -->","yoast_head_json":{"title":"Vjen\u010danja - Studio - Foto i Video Mavri\u010dek","robots":{"index":"index","follow":"follow","max-snippet":"max-snippet:-1","max-image-preview":"max-image-preview:large","max-video-preview":"max-video-preview:-1"},"canonical":"https:\/\/studiomavricek.com\/hr\/vjencanja\/","og_locale":"hr_HR","og_type":"article","og_title":"Vjen\u010danja - Studio - Foto i Video Mavri\u010dek","og_description":"[vc_row][vc_column][vc_column_text] Vjen\u010danje mora biti puno smijeha i iskrenih emocija, mi smo tu da ih zabilje\u017eimo, da ostanu s vama cijeli \u017eivot. [\/vc_column_text][vc_row_inner][vc_column_inner width=&#8221;1\/2&#8243;][vc_btn title=&#8221;PREUZMI CJENIK&#8221; color=&#8221;warning&#8221; align=&#8221;left&#8221; link=&#8221;url:https%3A%2F%2Fstudiomavricek.com%2Fhr%2Fwp-content%2Fuploads%2F2026%2F03%2Fcjenik-vjencanja-2026.pdf|title:PREUZMI%20CJENIK|target:_blank&#8221;][\/vc_column_inner][\/vc_row_inner][\/vc_column][\/vc_row]","og_url":"https:\/\/studiomavricek.com\/hr\/vjencanja\/","og_site_name":"Studio - Foto i Video Mavri\u010dek","article_modified_time":"2026-03-12T08:42:59+00:00","twitter_card":"summary_large_image","twitter_misc":{"Procijenjeno vrijeme \u010ditanja":"1 minuta"},"schema":{"@context":"https:\/\/schema.org","@graph":[{"@type":"WebPage","@id":"https:\/\/studiomavricek.com\/hr\/vjencanja\/","url":"https:\/\/studiomavricek.com\/hr\/vjencanja\/","name":"Vjen\u010danja - Studio - Foto i Video Mavri\u010dek","isPartOf":{"@id":"https:\/\/studiomavricek.com\/hr\/#website"},"datePublished":"2015-07-13T10:40:30+00:00","dateModified":"2026-03-12T08:42:59+00:00","breadcrumb":{"@id":"https:\/\/studiomavricek.com\/hr\/vjencanja\/#breadcrumb"},"inLanguage":"hr","potentialAction":[{"@type":"ReadAction","target":["https:\/\/studiomavricek.com\/hr\/vjencanja\/"]}]},{"@type":"BreadcrumbList","@id":"https:\/\/studiomavricek.com\/hr\/vjencanja\/#breadcrumb","itemListElement":[{"@type":"ListItem","position":1,"name":"Po\u010detna stranica","item":"https:\/\/studiomavricek.com\/hr\/"},{"@type":"ListItem","position":2,"name":"Vjen\u010danja"}]},{"@type":"WebSite","@id":"https:\/\/studiomavricek.com\/hr\/#website","url":"https:\/\/studiomavricek.com\/hr\/","name":"Studio - Foto i Video Mavri\u010dek","description":"Preko 10 godina iskustva u fotografiranju i snimanju vjen\u010danja u Hrvatskoj i Americi","potentialAction":[{"@type":"SearchAction","target":{"@type":"EntryPoint","urlTemplate":"https:\/\/studiomavricek.com\/hr\/?s={search_term_string}"},"query-input":{"@type":"PropertyValueSpecification","valueRequired":true,"valueName":"search_term_string"}}],"inLanguage":"hr"}]}},"_links":{"self":[{"href":"https:\/\/studiomavricek.com\/hr\/wp-json\/wp\/v2\/pages\/143","targetHints":{"allow":["GET"]}}],"collection":[{"href":"https:\/\/studiomavricek.com\/hr\/wp-json\/wp\/v2\/pages"}],"about":[{"href":"https:\/\/studiomavricek.com\/hr\/wp-json\/wp\/v2\/types\/page"}],"author":[{"embeddable":true,"href":"https:\/\/studiomavricek.com\/hr\/wp-json\/wp\/v2\/users\/2"}],"replies":[{"embeddable":true,"href":"https:\/\/studiomavricek.com\/hr\/wp-json\/wp\/v2\/comments?post=143"}],"version-history":[{"count":10,"href":"https:\/\/studiomavricek.com\/hr\/wp-json\/wp\/v2\/pages\/143\/revisions"}],"predecessor-version":[{"id":2820,"href":"https:\/\/studiomavricek.com\/hr\/wp-json\/wp\/v2\/pages\/143\/revisions\/2820"}],"wp:attachment":[{"href":"https:\/\/studiomavricek.com\/hr\/wp-json\/wp\/v2\/media?parent=143"}],"curies":[{"name":"wp","href":"https:\/\/api.w.org\/{rel}","templated":true}]}}