{"id":1309,"date":"2023-03-28T11:46:49","date_gmt":"2023-03-28T09:46:49","guid":{"rendered":"https:\/\/studiomavricek.com\/hr\/?page_id=1309"},"modified":"2024-08-31T17:20:22","modified_gmt":"2024-08-31T15:20:22","slug":"fashion","status":"publish","type":"page","link":"https:\/\/studiomavricek.com\/hr\/fashion\/","title":{"rendered":"Fashion"},"content":{"rendered":"<section class=\"wpb-content-wrapper\"><p>[vc_row][vc_column][vc_column_text]<\/p>\r\n<p>The Studio ima u ponudi modno fotografiranje u na\u0161em studiju ili na lokaciji prema dogovoru. Trebate li fotografiranje za webshop ili dru\u0161tvene mre\u017ee, pokrivamo sve. Tako\u0111er mo\u017eemo napraviti behind the scenes video, sadr\u017eaj koji se lako dijeli i ima veliki doseg na dru\u0161tvenim mre\u017eama.<\/p>\r\n\r\n<p>&nbsp;<\/p>\r\n<p>[\/vc_column_text][vc_row_inner][vc_column_inner width=&#8221;1\/2&#8243;][vc_column_text]<\/p>\r\n<p><a href=\"https:\/\/www.facebook.com\/snjezana.radev.9\/\" target=\"_blank\" rel=\"noopener\">https:\/\/www.facebook.com\/snjezana.radev.9\/<\/a><br \/><a href=\"https:\/\/www.instagram.com\/snjezanaradev_brokatvarazdin\/\" target=\"_blank\" rel=\"noopener\">https:\/\/www.instagram.com\/snjezanaradev_brokatvarazdin\/<\/a><\/p>\r\n<p>[\/vc_column_text][\/vc_column_inner][vc_column_inner width=&#8221;1\/2&#8243;][vc_column_text]<\/p>\r\n<p><a href=\"https:\/\/kookabee.com\/\" target=\"_blank\" rel=\"noopener\">https:\/\/kookabee.com\/<\/a><br \/><a href=\"https:\/\/www.facebook.com\/kookabee\" target=\"_blank\" rel=\"noopener\">https:\/\/www.facebook.com\/kookabee<\/a><br \/><a href=\"https:\/\/www.instagram.com\/kookabee_fashion\/\" target=\"_blank\" rel=\"noopener\">https:\/\/www.instagram.com\/kookabee_fashion\/<\/a><\/p>\r\n<p>[\/vc_column_text][\/vc_column_inner][\/vc_row_inner][\/vc_column][\/vc_row][vc_row][vc_column][vc_media_grid grid_id=&#8221;vc_gid:1725116693109-2c6c1614-62f6-6&#8243; include=&#8221;1807,1808,1809,1810,1811,1812,1813,1814,1815,1816,1817,1818,1819,1820,1821,1822,1823,1824,1825,1826,1827,1828,1829,1830,1831,1832,1833,1834,1835,1836,1837,1838,1839,1840,1841,1842,1843,1844,1845,1846,1847,1848&#8243;][\/vc_column][\/vc_row]<\/p><\/section>","protected":false},"excerpt":{"rendered":"<p>[vc_row][vc_column][vc_column_text] The Studio ima u ponudi modno fotografiranje u na\u0161em studiju ili na lokaciji prema dogovoru. Trebate li fotografiranje za webshop ili dru\u0161tvene mre\u017ee, pokrivamo sve. Tako\u0111er mo\u017eemo napraviti behind the scenes video, sadr\u017eaj koji se lako dijeli i ima veliki doseg na dru\u0161tvenim mre\u017eama. &nbsp; [\/vc_column_text][vc_row_inner][vc_column_inner width=&#8221;1\/2&#8243;][vc_column_text] https:\/\/www.facebook.com\/snjezana.radev.9\/https:\/\/www.instagram.com\/snjezanaradev_brokatvarazdin\/ [\/vc_column_text][\/vc_column_inner][vc_column_inner width=&#8221;1\/2&#8243;][vc_column_text] https:\/\/kookabee.com\/https:\/\/www.facebook.com\/kookabeehttps:\/\/www.instagram.com\/kookabee_fashion\/ [\/vc_column_text][\/vc_column_inner][\/vc_row_inner][\/vc_column][\/vc_row][vc_row][vc_column][vc_media_grid grid_id=&#8221;vc_gid:1725116693109-2c6c1614-62f6-6&#8243; include=&#8221;1807,1808,1809,1810,1811,1812,1813,1814,1815,1816,1817,1818,1819,1820,1821,1822,1823,1824,1825,1826,1827,1828,1829,1830,1831,1832,1833,1834,1835,1836,1837,1838,1839,1840,1841,1842,1843,1844,1845,1846,1847,1848&#8243;][\/vc_column][\/vc_row]<\/p>\n","protected":false},"author":2,"featured_media":0,"parent":0,"menu_order":0,"comment_status":"closed","ping_status":"closed","template":"","meta":{"footnotes":""},"class_list":["post-1309","page","type-page","status-publish","hentry"],"yoast_head":"<!-- This site is optimized with the Yoast SEO plugin v23.5 - https:\/\/yoast.com\/wordpress\/plugins\/seo\/ -->\n<title>Fashion - Studio - Foto i Video Mavri\u010dek<\/title>\n<meta name=\"robots\" content=\"index, follow, max-snippet:-1, max-image-preview:large, max-video-preview:-1\" \/>\n<link rel=\"canonical\" href=\"https:\/\/studiomavricek.com\/hr\/fashion\/\" \/>\n<meta property=\"og:locale\" content=\"hr_HR\" \/>\n<meta property=\"og:type\" content=\"article\" \/>\n<meta property=\"og:title\" content=\"Fashion - Studio - Foto i Video Mavri\u010dek\" \/>\n<meta property=\"og:description\" content=\"[vc_row][vc_column][vc_column_text] The Studio ima u ponudi modno fotografiranje u na\u0161em studiju ili na lokaciji prema dogovoru. Trebate li fotografiranje za webshop ili dru\u0161tvene mre\u017ee, pokrivamo sve. Tako\u0111er mo\u017eemo napraviti behind the scenes video, sadr\u017eaj koji se lako dijeli i ima veliki doseg na dru\u0161tvenim mre\u017eama. &nbsp; [\/vc_column_text][vc_row_inner][vc_column_inner width=&#8221;1\/2&#8243;][vc_column_text] https:\/\/www.facebook.com\/snjezana.radev.9\/https:\/\/www.instagram.com\/snjezanaradev_brokatvarazdin\/ [\/vc_column_text][\/vc_column_inner][vc_column_inner width=&#8221;1\/2&#8243;][vc_column_text] https:\/\/kookabee.com\/https:\/\/www.facebook.com\/kookabeehttps:\/\/www.instagram.com\/kookabee_fashion\/ [\/vc_column_text][\/vc_column_inner][\/vc_row_inner][\/vc_column][\/vc_row][vc_row][vc_column][vc_media_grid grid_id=&#8221;vc_gid:1725116693109-2c6c1614-62f6-6&#8243; include=&#8221;1807,1808,1809,1810,1811,1812,1813,1814,1815,1816,1817,1818,1819,1820,1821,1822,1823,1824,1825,1826,1827,1828,1829,1830,1831,1832,1833,1834,1835,1836,1837,1838,1839,1840,1841,1842,1843,1844,1845,1846,1847,1848&#8243;][\/vc_column][\/vc_row]\" \/>\n<meta property=\"og:url\" content=\"https:\/\/studiomavricek.com\/hr\/fashion\/\" \/>\n<meta property=\"og:site_name\" content=\"Studio - Foto i Video Mavri\u010dek\" \/>\n<meta property=\"article:modified_time\" content=\"2024-08-31T15:20:22+00:00\" \/>\n<meta name=\"twitter:card\" content=\"summary_large_image\" \/>\n<meta name=\"twitter:label1\" content=\"Procijenjeno vrijeme \u010ditanja\" \/>\n\t<meta name=\"twitter:data1\" content=\"1 minuta\" \/>\n<script type=\"application\/ld+json\" class=\"yoast-schema-graph\">{\"@context\":\"https:\/\/schema.org\",\"@graph\":[{\"@type\":\"WebPage\",\"@id\":\"https:\/\/studiomavricek.com\/hr\/fashion\/\",\"url\":\"https:\/\/studiomavricek.com\/hr\/fashion\/\",\"name\":\"Fashion - Studio - Foto i Video Mavri\u010dek\",\"isPartOf\":{\"@id\":\"https:\/\/studiomavricek.com\/hr\/#website\"},\"datePublished\":\"2023-03-28T09:46:49+00:00\",\"dateModified\":\"2024-08-31T15:20:22+00:00\",\"breadcrumb\":{\"@id\":\"https:\/\/studiomavricek.com\/hr\/fashion\/#breadcrumb\"},\"inLanguage\":\"hr\",\"potentialAction\":[{\"@type\":\"ReadAction\",\"target\":[\"https:\/\/studiomavricek.com\/hr\/fashion\/\"]}]},{\"@type\":\"BreadcrumbList\",\"@id\":\"https:\/\/studiomavricek.com\/hr\/fashion\/#breadcrumb\",\"itemListElement\":[{\"@type\":\"ListItem\",\"position\":1,\"name\":\"Po\u010detna stranica\",\"item\":\"https:\/\/studiomavricek.com\/hr\/\"},{\"@type\":\"ListItem\",\"position\":2,\"name\":\"Fashion\"}]},{\"@type\":\"WebSite\",\"@id\":\"https:\/\/studiomavricek.com\/hr\/#website\",\"url\":\"https:\/\/studiomavricek.com\/hr\/\",\"name\":\"Studio - Foto i Video Mavri\u010dek\",\"description\":\"Preko 10 godina iskustva u fotografiranju i snimanju vjen\u010danja u Hrvatskoj i Americi\",\"potentialAction\":[{\"@type\":\"SearchAction\",\"target\":{\"@type\":\"EntryPoint\",\"urlTemplate\":\"https:\/\/studiomavricek.com\/hr\/?s={search_term_string}\"},\"query-input\":{\"@type\":\"PropertyValueSpecification\",\"valueRequired\":true,\"valueName\":\"search_term_string\"}}],\"inLanguage\":\"hr\"}]}<\/script>\n<!-- \/ Yoast SEO plugin. -->","yoast_head_json":{"title":"Fashion - Studio - Foto i Video Mavri\u010dek","robots":{"index":"index","follow":"follow","max-snippet":"max-snippet:-1","max-image-preview":"max-image-preview:large","max-video-preview":"max-video-preview:-1"},"canonical":"https:\/\/studiomavricek.com\/hr\/fashion\/","og_locale":"hr_HR","og_type":"article","og_title":"Fashion - Studio - Foto i Video Mavri\u010dek","og_description":"[vc_row][vc_column][vc_column_text] The Studio ima u ponudi modno fotografiranje u na\u0161em studiju ili na lokaciji prema dogovoru. Trebate li fotografiranje za webshop ili dru\u0161tvene mre\u017ee, pokrivamo sve. Tako\u0111er mo\u017eemo napraviti behind the scenes video, sadr\u017eaj koji se lako dijeli i ima veliki doseg na dru\u0161tvenim mre\u017eama. &nbsp; [\/vc_column_text][vc_row_inner][vc_column_inner width=&#8221;1\/2&#8243;][vc_column_text] https:\/\/www.facebook.com\/snjezana.radev.9\/https:\/\/www.instagram.com\/snjezanaradev_brokatvarazdin\/ [\/vc_column_text][\/vc_column_inner][vc_column_inner width=&#8221;1\/2&#8243;][vc_column_text] https:\/\/kookabee.com\/https:\/\/www.facebook.com\/kookabeehttps:\/\/www.instagram.com\/kookabee_fashion\/ [\/vc_column_text][\/vc_column_inner][\/vc_row_inner][\/vc_column][\/vc_row][vc_row][vc_column][vc_media_grid grid_id=&#8221;vc_gid:1725116693109-2c6c1614-62f6-6&#8243; include=&#8221;1807,1808,1809,1810,1811,1812,1813,1814,1815,1816,1817,1818,1819,1820,1821,1822,1823,1824,1825,1826,1827,1828,1829,1830,1831,1832,1833,1834,1835,1836,1837,1838,1839,1840,1841,1842,1843,1844,1845,1846,1847,1848&#8243;][\/vc_column][\/vc_row]","og_url":"https:\/\/studiomavricek.com\/hr\/fashion\/","og_site_name":"Studio - Foto i Video Mavri\u010dek","article_modified_time":"2024-08-31T15:20:22+00:00","twitter_card":"summary_large_image","twitter_misc":{"Procijenjeno vrijeme \u010ditanja":"1 minuta"},"schema":{"@context":"https:\/\/schema.org","@graph":[{"@type":"WebPage","@id":"https:\/\/studiomavricek.com\/hr\/fashion\/","url":"https:\/\/studiomavricek.com\/hr\/fashion\/","name":"Fashion - Studio - Foto i Video Mavri\u010dek","isPartOf":{"@id":"https:\/\/studiomavricek.com\/hr\/#website"},"datePublished":"2023-03-28T09:46:49+00:00","dateModified":"2024-08-31T15:20:22+00:00","breadcrumb":{"@id":"https:\/\/studiomavricek.com\/hr\/fashion\/#breadcrumb"},"inLanguage":"hr","potentialAction":[{"@type":"ReadAction","target":["https:\/\/studiomavricek.com\/hr\/fashion\/"]}]},{"@type":"BreadcrumbList","@id":"https:\/\/studiomavricek.com\/hr\/fashion\/#breadcrumb","itemListElement":[{"@type":"ListItem","position":1,"name":"Po\u010detna stranica","item":"https:\/\/studiomavricek.com\/hr\/"},{"@type":"ListItem","position":2,"name":"Fashion"}]},{"@type":"WebSite","@id":"https:\/\/studiomavricek.com\/hr\/#website","url":"https:\/\/studiomavricek.com\/hr\/","name":"Studio - Foto i Video Mavri\u010dek","description":"Preko 10 godina iskustva u fotografiranju i snimanju vjen\u010danja u Hrvatskoj i Americi","potentialAction":[{"@type":"SearchAction","target":{"@type":"EntryPoint","urlTemplate":"https:\/\/studiomavricek.com\/hr\/?s={search_term_string}"},"query-input":{"@type":"PropertyValueSpecification","valueRequired":true,"valueName":"search_term_string"}}],"inLanguage":"hr"}]}},"_links":{"self":[{"href":"https:\/\/studiomavricek.com\/hr\/wp-json\/wp\/v2\/pages\/1309","targetHints":{"allow":["GET"]}}],"collection":[{"href":"https:\/\/studiomavricek.com\/hr\/wp-json\/wp\/v2\/pages"}],"about":[{"href":"https:\/\/studiomavricek.com\/hr\/wp-json\/wp\/v2\/types\/page"}],"author":[{"embeddable":true,"href":"https:\/\/studiomavricek.com\/hr\/wp-json\/wp\/v2\/users\/2"}],"replies":[{"embeddable":true,"href":"https:\/\/studiomavricek.com\/hr\/wp-json\/wp\/v2\/comments?post=1309"}],"version-history":[{"count":6,"href":"https:\/\/studiomavricek.com\/hr\/wp-json\/wp\/v2\/pages\/1309\/revisions"}],"predecessor-version":[{"id":1849,"href":"https:\/\/studiomavricek.com\/hr\/wp-json\/wp\/v2\/pages\/1309\/revisions\/1849"}],"wp:attachment":[{"href":"https:\/\/studiomavricek.com\/hr\/wp-json\/wp\/v2\/media?parent=1309"}],"curies":[{"name":"wp","href":"https:\/\/api.w.org\/{rel}","templated":true}]}}